{"id":63,"date":"2025-01-25T17:53:41","date_gmt":"2025-01-25T17:53:41","guid":{"rendered":"https:\/\/www.artiverum.com\/?page_id=63"},"modified":"2026-04-12T08:44:22","modified_gmt":"2026-04-12T08:44:22","slug":"tapahtumat-events","status":"publish","type":"page","link":"http:\/\/www.artiverum.com\/index.php\/tapahtumat-events\/","title":{"rendered":"Tapahtumat | Events"},"content":{"rendered":"\n<p>Tapahtumat | <a href=\"#Events\" data-type=\"internal\" data-id=\"#Events\">Events<\/a><\/p>\n\n\n\n<p><strong>Vuoden 2026 n\u00e4yttelyt<\/strong><br><br>Liisa V\u00e4h\u00e4kyl\u00e4: <em><br>Havet i sikte <\/em>och liteHULA-HULA\u00a0 <strong>LUCKAN &#8211; \u00c5BO <\/strong> <strong>9.4.-30.4.2026<\/strong> Turku<br>Avoinna ma klo 12-17, ke klo 12-19, to klo 10-16. <br>Olen paikalla kielikahvilassa keskiviikkona klo 17-19.<\/p>\n\n\n\n<p>Liisa V\u00e4h\u00e4kyl\u00e4: <em><br>Unohdettu sisar ja muita ihmiskohtaloita<\/em>&nbsp; <strong>J\u00e4rvenp\u00e4\u00e4n taidetalo   2<\/strong><strong>.6.-18.6.2026<\/strong>  J\u00e4rvenp\u00e4\u00e4<\/p>\n\n\n\n<p>Liisa V\u00e4h\u00e4kyl\u00e4: <br><em>Den gl\u00f6mda&nbsp;systern&nbsp;och andra&nbsp;m\u00e4nskliga&nbsp;\u00f6den<\/em>&nbsp; <strong>KORPO BIBLIOTEK <\/strong> <strong>23.6.-19.7.2026<\/strong>  Turku<\/p>\n\n\n\n<p>&#8221;Kotiateljeeni&#8221; on mukana my\u00f6s <strong>KONSTRUNDAN 2026 tapahtumassa<\/strong> <strong>5.-6.9.2026<\/strong> Turku<br>Marraskuusta 2025 l\u00e4htien minulla on ollut ty\u00f6skentelytila Manillan kulttuurikeskuksessa. My\u00f6s sinne voi tulla vierailemaan. <\/p>\n\n\n\n<p><\/p>\n\n\n\n<p><\/p>\n\n\n\n<p><strong>Vuoden 2025 n\u00e4yttelyt<\/strong> <\/p>\n\n\n\n<p>Liisa V\u00e4h\u00e4kyl\u00e4: <br><em>M e r e n n a i s i a <\/em>MAALAUKSIA <strong>Pikkuvallilassa 16.4.-29.5.2025&nbsp;<\/strong> Helsinki <br><em><br><\/em>Liisa V\u00e4h\u00e4kyl\u00e4: <em><br><em>Maailmansodan alla <\/em>MAALAUKSIA<\/em> <strong>Pasilan Rauhanasemalla 29.5.-24.9.2025<\/strong> Helsinki <\/p>\n\n\n\n<p>Liisa V\u00e4h\u00e4kyl\u00e4: <em><br>Metamurusia ja muita <\/em>MAALAUKSIA&nbsp;<strong>Greve Caf\u00e9 &amp; Deli <\/strong> <strong>1.10.-23.11.2025<\/strong> Turku<\/p>\n\n\n\n<p class=\"has-medium-font-size\"><strong>Syyskuu 2024<\/strong><\/p>\n\n\n\n<p>Artiverum tuotti Pohjoismaisen animaatiopaneelin osaksi <a href=\"https:\/\/hiff.fi\/en\/finnishfilmaffair\/info\/\">Finnish Film Affair<\/a> -tapahtumaa. Tapahtumaa rahoittivat Pohjoismainen tv- ja elokuvarahasto sek\u00e4 Pohjoismainen Kulttuuripiste. <\/p>\n\n\n\n<p>Paneelikeskustelun lis\u00e4ksi Artiverum j\u00e4rjesti verkostoitumistilaisuuden hotelli Tornissa sek\u00e4 yhdess\u00e4 Pohjoismaisen kirjaston kanssa opiskelijoiden ja tuottajien tapaamisen.&nbsp;<\/p>\n\n\n\n<h3 class=\"wp-block-heading\"><strong>Hein\u00e4kuu 2024<\/strong><\/h3>\n\n\n\n<p>Artiverumin Liisa osallistui <a href=\"https:\/\/aark.fi\/\">AARK Archipelago<\/a> residenssiin Korppoossa. Kuukauden residenssijaksolle syntyi uusia maalauksia, joista joitakin on myynniss\u00e4 <a href=\"https:\/\/turuntaidelainaamo.fi\/public\/go.php\">Turun Taidelainaamossa<\/a>.<\/p>\n\n\n\n<h3 class=\"wp-block-heading\"><strong>Marraskuu 2023 \u2013 Tammikuu 2024<\/strong><\/h3>\n\n\n\n<p>Artiverum tuotti ja kuratoi kaksi tapahtumaa osana Turun kaupungin <a href=\"https:\/\/www.turku.fi\/valitilat\">Kulttuurin v\u00e4litilat <\/a>-hanketta. Entisiss\u00e4 ratikkakuskien sosiaalitiloissa oli esill\u00e4 Valon ja lohdun taidetta eli <a href=\"http:\/\/elisapesonen.com\">Elisa Pesosen<\/a> digitaalisia vedoksia sek\u00e4 Emmi Salon, Riikka Kevon ja Liisa V\u00e4h\u00e4kyl\u00e4n maalauksia. Mandalatehtaassa Metti Nordin ja Petri Lehtinen valmistivat valotaideteoksen, joka oli esill\u00e4 tammikuussa 2024 Lux Helsinki -klubilla.&nbsp;<\/p>\n\n\n\n<p><strong>Vuosina 2009\u20132023 Liisa V\u00e4h\u00e4kyl\u00e4 ty\u00f6skenteli <a href=\"https:\/\/fi.wikipedia.org\/wiki\/Finnanimation\">Finnanimation ry:n<\/a> toiminnanjohtajana ja j\u00e4rjesti kulttuuriviennin promootioita kaikissa maanosissa. T\u00e4m\u00e4n sivun lopussa, englanninkielisest\u00e4 tekstist\u00e4 l\u00f6ytyy lista n\u00e4ist\u00e4 tapahtumista t\u00e4rkeimmist\u00e4.&nbsp;&nbsp;&nbsp;<\/strong><\/p>\n\n\n\n<h3 class=\"wp-block-heading\"><strong>2002<\/strong><\/h3>\n\n\n\n<p>Lasipalatsin n\u00e4yttelytilassa mukana 5PM-5AM Window -tapahtumassa&nbsp;<\/p>\n\n\n\n<h3 class=\"wp-block-heading\"><strong>1999<\/strong><\/h3>\n\n\n\n<p>kuraattorina Temp Medialab hankkeen loppun\u00e4yttelyss\u00e4 Kiasmassa.&nbsp;<\/p>\n\n\n\n<h3 class=\"wp-block-heading\"><strong>1997<\/strong><\/h3>\n\n\n\n<p>kuraattorina Muu Gallerian Love, Pop and Communication -n\u00e4yttelykokonaisuudessa<\/p>\n\n\n\n<h3 class=\"wp-block-heading\"><strong>1990<\/strong><\/h3>\n\n\n\n<p>Jyv\u00e4skyl\u00e4n ylioppilastalon sein\u00e4maalausprojekti<\/p>\n\n\n\n<h3 class=\"wp-block-heading\"><strong>1989<\/strong><\/h3>\n\n\n\n<p>Orivedell\u00e4 purkutalotaideprojekti, jota ohjasi Jan-Erik Andersson.&nbsp;<\/p>\n\n\n\n<h3 class=\"wp-block-heading\"><strong>1987&nbsp;<\/strong><\/h3>\n\n\n\n<p>Hyvink\u00e4\u00e4n taidemuseon nuorten omaehtoinen taiden\u00e4yttely nimelt\u00e4\u00e4n <em>Innon Oireet<\/em>.&nbsp;<\/p>\n\n\n\n<p><\/p>\n\n\n\n<hr class=\"wp-block-separator has-text-color has-cyan-bluish-gray-color has-alpha-channel-opacity has-cyan-bluish-gray-background-color has-background\"\/>\n\n\n\n<p><\/p>\n\n\n\n<p id=\"Events\"><strong>Events<\/strong><\/p>\n\n\n\n<h3 class=\"wp-block-heading\"><strong>9\/2024<\/strong><\/h3>\n\n\n\n<p>Artiverum produced Nordic Animation panel for Finnish Film Affair. Supported by Nordic Film &amp; TV Fund and Nordic Culture Point, there was also joint events such as a networking breakfast for handpicked animation professionals at Hotel Torni and a meeting with students at Nordic Library.&nbsp;&nbsp;<\/p>\n\n\n\n<p><\/p>\n\n\n\n<p><strong>Finnanimation \/ Nordic Animation events btw 2009\u20132022 <\/strong><\/p>\n\n\n\n<h3 class=\"wp-block-heading\"><strong>3\/2022<\/strong><\/h3>\n\n\n\n<p>Nordic Spotlight at Cartoon Movie, Bordeaux, France<\/p>\n\n\n\n<h3 class=\"wp-block-heading\"><strong>6\/2020 &amp; 2021<\/strong><\/h3>\n\n\n\n<p>Online booths for Finnanimation at Mifa, Annecy International Animation Festival, France (during the Covid-19 pandemia)<\/p>\n\n\n\n<h3 class=\"wp-block-heading\"><strong>4\/2019<\/strong><\/h3>\n\n\n\n<p>Cartoon Digital, Tampere, Finland<\/p>\n\n\n\n<h3 class=\"wp-block-heading\"><strong>9\/2019<\/strong><\/h3>\n\n\n\n<p><em>Fact-finding trip to Portland, US, and Vancouver, Toronto, Montreal and Ottawa, Canada<\/em><\/p>\n\n\n\n<h3 class=\"wp-block-heading\"><strong>9\/2018<\/strong><\/h3>\n\n\n\n<p>Finnish Spotlight at Cartoon Forum, Toulouse, France<\/p>\n\n\n\n<h3 class=\"wp-block-heading\"><strong>3\/2017<\/strong><\/h3>\n\n\n\n<p>Finnish audiovisual production incentive, promo tour, Hong Kong FilmArt<\/p>\n\n\n\n<h3 class=\"wp-block-heading\"><strong>6\/2017<\/strong> <\/h3>\n\n\n\n<p>Nordic Animation booth at Mifa, Annecy International Animation Festival, France<\/p>\n\n\n\n<h3 class=\"wp-block-heading\"><strong>8\/2017<\/strong><\/h3>\n\n\n\n<p>Pop-up Cinema, London, in cooperation with Finnish Institute in UK and Ireland<\/p>\n\n\n\n<p>BCWW and Networking event in Soul, South Korea, the final event of Asia Strategy initiative with Finnanimation&nbsp;<\/p>\n\n\n\n<h3 class=\"wp-block-heading\"><strong>5\/2016<\/strong><\/h3>\n\n\n\n<p>Animation Screenings at Moi Helsinki, Beijing, China<\/p>\n\n\n\n<h3 class=\"wp-block-heading\"><strong>10\/2016<\/strong><\/h3>\n\n\n\n<p>MipJunior Screening, Cannes, France, in cooperation with YLE&nbsp;<\/p>\n\n\n\n<h3 class=\"wp-block-heading\"><strong>12\/2015<\/strong><\/h3>\n\n\n\n<p>Asia Bridge, with Anima Vitae and Futurecode, Tokyo, Japan, and Beijing, China<\/p>\n\n\n\n<h3 class=\"wp-block-heading\"><strong>2014<\/strong><\/h3>\n\n\n\n<p>The 100 years anniversary of Finnish animation<\/p>\n\n\n\n<h3 class=\"wp-block-heading\"><strong>5\/2014<\/strong><\/h3>\n\n\n\n<p>Cartoon Digital, Helsinki, Finland<\/p>\n\n\n\n<p><em>Animation afternoon<\/em> at Input, Helsinki, Finland<\/p>\n\n\n\n<h3 class=\"wp-block-heading\"><strong>6\/2014, 2013, 2012, 2011, 2010<\/strong><\/h3>\n\n\n\n<p>Finnish booth at Mifa, Annecy International Animation Festival, France<\/p>\n\n\n\n<h3 class=\"wp-block-heading\"><strong>12\/2014<\/strong><\/h3>\n\n\n\n<p>Finnanimation booth at Asia Tv Forum, Singapore<\/p>\n\n\n\n<h3 class=\"wp-block-heading\"><strong>2\/2013<\/strong><\/h3>\n\n\n\n<p>Finland booth at Rio Content Market, Brazil, in cooperation with YLE and Favex<\/p>\n\n\n\n<h3 class=\"wp-block-heading\"><strong>11\/2013<\/strong><\/h3>\n\n\n\n<p>Focus on Finland at Sichuan TV Festival, Chengdu, China, in cooperation with YLE&nbsp;<\/p>\n\n\n\n<h3 class=\"wp-block-heading\"><strong>12\/2014, 2013<\/strong><\/h3>\n\n\n\n<p>Finnanimation booth at Asia Tv Forum, Singapore<\/p>\n\n\n\n<h3 class=\"wp-block-heading\"><strong>2\/2012<\/strong><\/h3>\n\n\n\n<p>Finland booth, part of the International Pavillion at Tokyo Anime Fair, Japan<\/p>\n\n\n\n<h3 class=\"wp-block-heading\"><strong>2\/2012&nbsp;<\/strong><\/h3>\n\n\n\n<p>European Animation Masterclass, Tikkurila, Finland<\/p>\n\n\n\n<h3 class=\"wp-block-heading\"><strong>6\/2012, 2011, 2010<\/strong><\/h3>\n\n\n\n<p><em>Sauna parties at Mifa, Annecy International Animation Festival, France<\/em><\/p>\n\n\n\n<h3 class=\"wp-block-heading\"><strong>8\/2012<\/strong><\/h3>\n\n\n\n<p>Scandinavian Script Workshop, Espoo, Finland<\/p>\n\n\n\n<h3 class=\"wp-block-heading\"><strong>10\/2012<\/strong><\/h3>\n\n\n\n<p>Radical Design Week, Shanghai, China, in cooperation with EARS and Aalto-University<\/p>\n\n\n\n<h3 class=\"wp-block-heading\"><strong>12\/2011<\/strong><\/h3>\n\n\n\n<p>Finland booth at Asia TV Forum, Singapore, in cooperation with EU (France + Spain)<\/p>\n\n\n\n<p><em>Fact-finding trips to Malaysia, South Korea, China<\/em><\/p>\n\n\n\n<h3 class=\"wp-block-heading\"><strong>5\/2010<\/strong><\/h3>\n\n\n\n<p>Animation companies at World Expo, Shanghai, in cooperation with Finnish ministries of Trade, Foreign Affairs and&nbsp;Culture and Education<\/p>\n\n\n\n<h3 class=\"wp-block-heading\"><strong>8\/2010<\/strong><\/h3>\n\n\n\n<p>Anim\u00f8te Networking event in Oslo, Norway<\/p>\n\n\n\n<h3 class=\"wp-block-heading\"><strong>12\/2011, 2010<\/strong><\/h3>\n\n\n\n<p>Finland booth at Asia TV Forum, Singapore, in cooperation with Favex<\/p>\n\n\n\n<h3 class=\"wp-block-heading\"><strong>11\/2009<\/strong><\/h3>\n\n\n\n<p>Networking event + Cartoon Connection, Buenos Aires, in cooperation with Favex&nbsp;<\/p>\n","protected":false},"excerpt":{"rendered":"<p>Tapahtumat | Events Vuoden 2026 n\u00e4yttelyt Liisa V\u00e4h\u00e4kyl\u00e4: Havet i sikte och liteHULA-HULA\u00a0 LUCKAN &#8211; \u00c5BO 9.4.-30.4.2026 TurkuAvoinna ma klo 12-17, ke klo 12-19, to klo 10-16. Olen paikalla kielikahvilassa keskiviikkona klo 17-19. Liisa V\u00e4h\u00e4kyl\u00e4: Unohdettu sisar ja muita ihmiskohtaloita&nbsp; J\u00e4rvenp\u00e4\u00e4n taidetalo 2.6.-18.6.2026 J\u00e4rvenp\u00e4\u00e4 Liisa V\u00e4h\u00e4kyl\u00e4: Den gl\u00f6mda&nbsp;systern&nbsp;och andra&nbsp;m\u00e4nskliga&nbsp;\u00f6den&nbsp; KORPO BIBLIOTEK 23.6.-19.7.2026 Turku &#8221;Kotiateljeeni&#8221; on [&hellip;]<\/p>\n","protected":false},"author":1,"featured_media":0,"parent":0,"menu_order":0,"comment_status":"closed","ping_status":"closed","template":"","meta":{"footnotes":""},"class_list":["post-63","page","type-page","status-publish","hentry"],"_links":{"self":[{"href":"http:\/\/www.artiverum.com\/index.php\/wp-json\/wp\/v2\/pages\/63","targetHints":{"allow":["GET"]}}],"collection":[{"href":"http:\/\/www.artiverum.com\/index.php\/wp-json\/wp\/v2\/pages"}],"about":[{"href":"http:\/\/www.artiverum.com\/index.php\/wp-json\/wp\/v2\/types\/page"}],"author":[{"embeddable":true,"href":"http:\/\/www.artiverum.com\/index.php\/wp-json\/wp\/v2\/users\/1"}],"replies":[{"embeddable":true,"href":"http:\/\/www.artiverum.com\/index.php\/wp-json\/wp\/v2\/comments?post=63"}],"version-history":[{"count":20,"href":"http:\/\/www.artiverum.com\/index.php\/wp-json\/wp\/v2\/pages\/63\/revisions"}],"predecessor-version":[{"id":219,"href":"http:\/\/www.artiverum.com\/index.php\/wp-json\/wp\/v2\/pages\/63\/revisions\/219"}],"wp:attachment":[{"href":"http:\/\/www.artiverum.com\/index.php\/wp-json\/wp\/v2\/media?parent=63"}],"curies":[{"name":"wp","href":"https:\/\/api.w.org\/{rel}","templated":true}]}}