{"id":51,"date":"2025-01-25T17:44:56","date_gmt":"2025-01-25T17:44:56","guid":{"rendered":"https:\/\/www.artiverum.com\/?page_id=51"},"modified":"2025-11-17T14:26:12","modified_gmt":"2025-11-17T14:26:12","slug":"tarina-story","status":"publish","type":"page","link":"http:\/\/www.artiverum.com\/index.php\/tarina-story\/","title":{"rendered":"Tarina | Story"},"content":{"rendered":"\n<p id=\"Artiverum-is-Latin\">Tarina | <a href=\"#Artiverum-is-Latin\" data-type=\"internal\" data-id=\"#Artiverum-is-Latin\">Story<\/a><\/p>\n\n\n\n<h3 class=\"wp-block-heading\"><strong>Artiverum on latinaa. Se on adjektiivi, joka tarkoittaa taiteelle uskollista henkil\u00f6\u00e4.&nbsp;<\/strong><\/h3>\n\n\n\n<p><em>Muodoltaan Artiverum ei ole feminiini eik\u00e4 maskuliini vaan neutri, muunsukupuolinen voisi sanoa, tai saman sukupuolinen tekem\u00e4tt\u00e4 eroa feminiinin ja maskuliinin v\u00e4lill\u00e4. Se on<\/em> <strong>H\u00e4n, ihminen.\u00a0<\/strong><\/p>\n\n\n\n<p>Artiverumin perustaja Liisa V\u00e4h\u00e4kyl\u00e4 on opiskellut <strong>Taidekasvatusta ja Filosofiaa sek\u00e4 Journalistiikkaa ja Draamaa<\/strong> yliopistossa. Opiskeluaikana h\u00e4n oli innostunut maa- ja ymp\u00e4rist\u00f6taiteesta, taiteesta prosessina enemm\u00e4n kuin teoksena. Pro gradun aiheena oli <strong>Videotaide television metatekstin\u00e4<\/strong>. Lisensiaatinty\u00f6t\u00e4 tehdess\u00e4\u00e4n h\u00e4n l\u00f6ysi kommunikaatiotaiteen ja alkoi kehitell\u00e4 sen pohjalta kommunikaation estetiikkaa, jota voitaisiin soveltaa internetiin, sosiaaliseen mediaan tai teko\u00e4lyyn.\u00a0\u00a0\u00a0\u00a0\u00a0<\/p>\n\n\n\n<p>Liisa on aloittanut ty\u00f6t journalistina 17-vuotiaana. Taiteeseen h\u00e4n alkoi erikoistua toisen opiskeluvuoden lopulla. H\u00e4n on kuratoinut useita taiden\u00e4yttelyit\u00e4 ja pit\u00e4nyt taidegalleriaa, kirjoittanut n\u00e4ytelmi\u00e4 ja muita k\u00e4sikirjoituksia.\u00a0<\/p>\n\n\n\n<p>Vuonna 1993 Liisa muutti ensimm\u00e4isen kerran Lontooseen. Lontoossa taidek\u00e4sitys laajeni mm. mainontaan, peleihin, tv-ohjelmiin ja animaatioihin. Liisa onkin kirjoittanut Helsingin Sanomiin ja muihin suomalaisiin medioihin pelialasta, tv-ohjelmista, mediasta, mainonnasta sek\u00e4 animaatiosta. Liisa opiskeli my\u00f6s Lontoossa animaatiota ajattelematta ett\u00e4 siit\u00e4 voisi tulla ammatti. Ty\u00f6skennelty\u00e4\u00e4n 13 vuotta ja 11 kuukautta suomalaisen animaatioalan kansainv\u00e4list\u00e4j\u00e4n\u00e4 Finnanimation ry:n toiminnanjohtajana h\u00e4n on todistanut ett\u00e4 se on kasvava ala ja monille todellinen ammatti, jota teko\u00e4ly haastaa.   <\/p>\n\n\n\n<hr class=\"wp-block-separator has-text-color has-cyan-bluish-gray-color has-alpha-channel-opacity has-cyan-bluish-gray-background-color has-background\"\/>\n\n\n\n<p><\/p>\n\n\n\n<h3 class=\"wp-block-heading\"><strong>Artiverum is Latin. It is an adjective that means a person who is faithful to art.<\/strong><\/h3>\n\n\n\n<p>Artiverum is neither feminine nor masculine but neuter, one might say transgender, or same-sex without making a distinction between feminine and masculine. <\/p>\n\n\n\n<p>The founder of Artiverum Liisa Vahakyla has studied Art Education and Philosophy as well as Journalism and Drama at the <a href=\"https:\/\/www.jyu.fi\/en\">University of Jyv\u00e4skyl\u00e4<\/a> in Finland. She started writing art reviews on the 2nd year at the University. In addition, she has curated exhibitions and ran an art gallery, written some plays and other scripts.<\/p>\n\n\n\n<p>During her art studies, she has been enthusiastic about land and environmental art, art as a process more than as a work. Her master&#8217;s degree was titled <strong>Video Art as a Metatext of Television<\/strong>. While doing the continuing studies, she invented Communication Art as a difference from the modernist concept of art, as well as the aesthetics of communication that could be applied to the internet, the social media it has spawned, and also to artificial intelligence.<\/p>\n\n\n\n<p>In 1993 she moved to London for the first time, and I have returned there in 2001, 2012 and 2022. In London her artistic conception expanded to include advertising, games, TV shows and animation. So it was natural thatshe wrote for Helsingin Sanomat, the main Finnish newspaper, about the Finnish gaming industry, TV shows, media, advertising and animation. She also studied animation in London without a clue that it could become her profession for 13 years and 11 months. Liisa worked as an executive director of Finnanimation, the network of Finnish animation producers. During that time she prevented from developing own production ideas. <strong>Artiverum was founded for them. Artiverum is a platform. It is a limited company that can receive grants and donations.\u00a0<\/strong><\/p>\n\n\n\n<figure class=\"wp-block-image aligncenter size-full is-resized is-style-rounded\"><img fetchpriority=\"high\" decoding=\"async\" width=\"1024\" height=\"768\" src=\"http:\/\/www.artiverum.com\/wp-content\/uploads\/2025\/01\/AngelLocksLiisaGuard.jpg\" alt=\"\" class=\"wp-image-151\" style=\"width:601px;height:auto\" srcset=\"http:\/\/www.artiverum.com\/wp-content\/uploads\/2025\/01\/AngelLocksLiisaGuard.jpg 1024w, http:\/\/www.artiverum.com\/wp-content\/uploads\/2025\/01\/AngelLocksLiisaGuard-300x225.jpg 300w, http:\/\/www.artiverum.com\/wp-content\/uploads\/2025\/01\/AngelLocksLiisaGuard-768x576.jpg 768w\" sizes=\"(max-width: 1024px) 100vw, 1024px\" \/><figcaption class=\"wp-element-caption\">\u00a9 Riikka Hyv\u00f6nen<\/figcaption><\/figure>\n\n\n\n<p><\/p>\n","protected":false},"excerpt":{"rendered":"<p>Tarina | Story Artiverum on latinaa. Se on adjektiivi, joka tarkoittaa taiteelle uskollista henkil\u00f6\u00e4.&nbsp; Muodoltaan Artiverum ei ole feminiini eik\u00e4 maskuliini vaan neutri, muunsukupuolinen voisi sanoa, tai saman sukupuolinen tekem\u00e4tt\u00e4 eroa feminiinin ja maskuliinin v\u00e4lill\u00e4. Se on H\u00e4n, ihminen.\u00a0 Artiverumin perustaja Liisa V\u00e4h\u00e4kyl\u00e4 on opiskellut Taidekasvatusta ja Filosofiaa sek\u00e4 Journalistiikkaa ja Draamaa yliopistossa. Opiskeluaikana h\u00e4n [&hellip;]<\/p>\n","protected":false},"author":1,"featured_media":0,"parent":0,"menu_order":0,"comment_status":"closed","ping_status":"closed","template":"","meta":{"footnotes":""},"class_list":["post-51","page","type-page","status-publish","hentry"],"_links":{"self":[{"href":"http:\/\/www.artiverum.com\/index.php\/wp-json\/wp\/v2\/pages\/51","targetHints":{"allow":["GET"]}}],"collection":[{"href":"http:\/\/www.artiverum.com\/index.php\/wp-json\/wp\/v2\/pages"}],"about":[{"href":"http:\/\/www.artiverum.com\/index.php\/wp-json\/wp\/v2\/types\/page"}],"author":[{"embeddable":true,"href":"http:\/\/www.artiverum.com\/index.php\/wp-json\/wp\/v2\/users\/1"}],"replies":[{"embeddable":true,"href":"http:\/\/www.artiverum.com\/index.php\/wp-json\/wp\/v2\/comments?post=51"}],"version-history":[{"count":17,"href":"http:\/\/www.artiverum.com\/index.php\/wp-json\/wp\/v2\/pages\/51\/revisions"}],"predecessor-version":[{"id":196,"href":"http:\/\/www.artiverum.com\/index.php\/wp-json\/wp\/v2\/pages\/51\/revisions\/196"}],"wp:attachment":[{"href":"http:\/\/www.artiverum.com\/index.php\/wp-json\/wp\/v2\/media?parent=51"}],"curies":[{"name":"wp","href":"https:\/\/api.w.org\/{rel}","templated":true}]}}