{"id":2,"date":"2025-01-25T15:59:58","date_gmt":"2025-01-25T15:59:58","guid":{"rendered":"http:\/\/www.artiverum.com\/?page_id=2"},"modified":"2026-04-12T08:46:10","modified_gmt":"2026-04-12T08:46:10","slug":"artiverum","status":"publish","type":"page","link":"http:\/\/www.artiverum.com\/","title":{"rendered":"Artiverum"},"content":{"rendered":"<p>\n\n\n<p style=\"font-size:16px;line-height:1.7\"><\/p>\n\n\n\n<figure class=\"wp-block-image size-large\"><img fetchpriority=\"high\" decoding=\"async\" width=\"1024\" height=\"344\" src=\"http:\/\/www.artiverum.com\/wp-content\/uploads\/2025\/01\/Retaistrask7_2024-1024x344.jpg\" alt=\"\" class=\"wp-image-154\" srcset=\"http:\/\/www.artiverum.com\/wp-content\/uploads\/2025\/01\/Retaistrask7_2024-1024x344.jpg 1024w, http:\/\/www.artiverum.com\/wp-content\/uploads\/2025\/01\/Retaistrask7_2024-300x101.jpg 300w, http:\/\/www.artiverum.com\/wp-content\/uploads\/2025\/01\/Retaistrask7_2024-768x258.jpg 768w, http:\/\/www.artiverum.com\/wp-content\/uploads\/2025\/01\/Retaistrask7_2024-1536x516.jpg 1536w, http:\/\/www.artiverum.com\/wp-content\/uploads\/2025\/01\/Retaistrask7_2024-2048x688.jpg 2048w\" sizes=\"(max-width: 1024px) 100vw, 1024px\" \/><\/figure>\n\n\n\n<p style=\"font-size:16px;line-height:1.7\"><strong>Artiverum Oy<\/strong> tekee taidetta, tutkimusta, tutkivaa taidejournalismia sek\u00e4 taidearvosteluja. Artiverumilla on laajaa kansainv\u00e4list\u00e4 ja pohjoismaista osaamista tapahtumien tuottamisesta ja markkinoinnista. Artiverum voi tarvittaessa toimia elokuvatuotantoyhti\u00f6n\u00e4, kuten suomalaisena osatuottajana. Artiverumin erikoisalaa ovat animaatiot, sarjakuvat ja erilaiset hybridituotannot. Artiverum on kiinnostunut siit\u00e4 mihin teko\u00e4ly\u00e4 voi k\u00e4ytt\u00e4\u00e4 nyt ja tulevaisuudessa.<\/p>\n\n\n\n<p><\/p>\n\n\n\n<p><a href=\"https:\/\/www.artiverum.com\/index.php\/tarina-story\/\" data-type=\"page\" data-id=\"51\">tarina<\/a> | <a href=\"https:\/\/www.artiverum.com\/index.php\/kirjat-books\/\" data-type=\"page\" data-id=\"129\">kirjat<\/a> | <a href=\"https:\/\/www.artiverum.com\/index.php\/tapahtumat-events\/\" data-type=\"page\" data-id=\"63\">tapahtumat<\/a> | <a href=\"https:\/\/www.artiverum.com\/index.php\/taide-art\/\" data-type=\"page\" data-id=\"58\">taide<\/a><\/p>\n\n\n\n<hr class=\"wp-block-separator has-text-color has-cyan-bluish-gray-color has-alpha-channel-opacity has-cyan-bluish-gray-background-color has-background\"\/>\n\n\n\n<p style=\"font-size:16px;line-height:1.7\"><strong>Artiverum<\/strong> does art and research with a special focus on investigative arts journalism. It has produced some events both locally and internationally focusing on Nordic assets and values. It may act as a production company for films, series and immersive projects. Artiverum&#8217;s specialty are animations, comics and hybrids but would be interested in anything that AI can produce now and in the future.  <\/p>\n\n\n\n<p><a href=\"https:\/\/www.artiverum.com\/index.php\/tarina-story\/\" data-type=\"page\" data-id=\"51\">story<\/a> | <a href=\"https:\/\/www.artiverum.com\/index.php\/kirjat-books\/\" data-type=\"page\" data-id=\"129\">books<\/a> | <a href=\"https:\/\/www.artiverum.com\/index.php\/tapahtumat-events\/\" data-type=\"page\" data-id=\"63\">events<\/a> | <a href=\"https:\/\/www.artiverum.com\/index.php\/taide-art\/\" data-type=\"page\" data-id=\"58\">art<\/a><\/p>\n\n\n<\/p>\n\n\n<hr class=\"wp-block-separator has-text-color has-cyan-bluish-gray-color has-alpha-channel-opacity has-cyan-bluish-gray-background-color has-background\"\/>\n\n\n\n<p><br><strong>Ota yhteytt\u00e4 | Contact<\/strong><\/p>\n\n\n\n<p>S\u00e4hk\u00f6posti | Email: boss@artiverum.com<br>Puhelin | Tel. +358 40 0997266<br><br>Artiverum Oy<br>Y-tunnus \u200b\u200b3403810-3<\/p>\n\n\n\n<p><a href=\"https:\/\/www.facebook.com\/liisa.vahakyla\">Facebook<\/a><br><a href=\"https:\/\/www.instagram.com\/artiverum_liisa\/\">Instagram<\/a><\/p>\n\n\n\n<p><\/p>\n\n\n\n<p><\/p>\n\n\n\n<p><\/p>\n\n\n\n<p><\/p>\n","protected":false},"excerpt":{"rendered":"<p>Artiverum on latinaa. Se tarkoittaa taiteelle uskollista henkil\u00f6\u00e4. <\/p>\n","protected":false},"author":1,"featured_media":10,"parent":0,"menu_order":0,"comment_status":"closed","ping_status":"open","template":"","meta":{"footnotes":""},"class_list":["post-2","page","type-page","status-publish","has-post-thumbnail","hentry"],"_links":{"self":[{"href":"http:\/\/www.artiverum.com\/index.php\/wp-json\/wp\/v2\/pages\/2","targetHints":{"allow":["GET"]}}],"collection":[{"href":"http:\/\/www.artiverum.com\/index.php\/wp-json\/wp\/v2\/pages"}],"about":[{"href":"http:\/\/www.artiverum.com\/index.php\/wp-json\/wp\/v2\/types\/page"}],"author":[{"embeddable":true,"href":"http:\/\/www.artiverum.com\/index.php\/wp-json\/wp\/v2\/users\/1"}],"replies":[{"embeddable":true,"href":"http:\/\/www.artiverum.com\/index.php\/wp-json\/wp\/v2\/comments?post=2"}],"version-history":[{"count":40,"href":"http:\/\/www.artiverum.com\/index.php\/wp-json\/wp\/v2\/pages\/2\/revisions"}],"predecessor-version":[{"id":220,"href":"http:\/\/www.artiverum.com\/index.php\/wp-json\/wp\/v2\/pages\/2\/revisions\/220"}],"wp:featuredmedia":[{"embeddable":true,"href":"http:\/\/www.artiverum.com\/index.php\/wp-json\/wp\/v2\/media\/10"}],"wp:attachment":[{"href":"http:\/\/www.artiverum.com\/index.php\/wp-json\/wp\/v2\/media?parent=2"}],"curies":[{"name":"wp","href":"https:\/\/api.w.org\/{rel}","templated":true}]}}