{"id":129,"date":"2025-01-25T19:34:48","date_gmt":"2025-01-25T19:34:48","guid":{"rendered":"https:\/\/www.artiverum.com\/?page_id=129"},"modified":"2026-04-10T12:04:31","modified_gmt":"2026-04-10T12:04:31","slug":"kirjat-books","status":"publish","type":"page","link":"http:\/\/www.artiverum.com\/index.php\/kirjat-books\/","title":{"rendered":"Kirjat | Books"},"content":{"rendered":"\n<p class=\"has-medium-font-size\"><strong>Kirjat suomeksi<\/strong><\/p>\n\n\n\n<p>Muumeista miljoonabisnes, Siltala, 2017<\/p>\n\n\n\n<p><a href=\"https:\/\/www.aamulehti.fi\/kirjat\/art-2000007473716.html\">Katri Kovasiiven arvostelu Aamulehdess\u00e4<\/a> <\/p>\n\n\n\n<figure class=\"wp-block-image size-full is-resized\"><img fetchpriority=\"high\" decoding=\"async\" width=\"960\" height=\"720\" src=\"https:\/\/www.artiverum.com\/wp-content\/uploads\/2025\/01\/image.jpeg\" alt=\"T\u00e4m\u00e4n kuvan alt-attribuutti on tyhj\u00e4; Tiedoston nimi on MuumeistaMiljBisnesHylly.jpg\" class=\"wp-image-136\" style=\"width:333px;height:auto\" srcset=\"http:\/\/www.artiverum.com\/wp-content\/uploads\/2025\/01\/image.jpeg 960w, http:\/\/www.artiverum.com\/wp-content\/uploads\/2025\/01\/image-300x225.jpeg 300w, http:\/\/www.artiverum.com\/wp-content\/uploads\/2025\/01\/image-768x576.jpeg 768w\" sizes=\"(max-width: 960px) 100vw, 960px\" \/><\/figure>\n\n\n\n<p><\/p>\n\n\n\n<p class=\"has-medium-font-size\"><strong>Books in English<\/strong><\/p>\n\n\n\n<p>Nordic Animation &#8211; Balancing the East and the West, CRC press, 2023<\/p>\n\n\n\n<p>Paperback version available since October 2024.<\/p>\n\n\n\n<figure class=\"wp-block-image size-large is-resized\"><img decoding=\"async\" width=\"1024\" height=\"322\" src=\"https:\/\/www.artiverum.com\/wp-content\/uploads\/2025\/01\/NordicAnimationPaperback-1024x322.png\" alt=\"\" class=\"wp-image-137\" style=\"width:576px;height:auto\" srcset=\"http:\/\/www.artiverum.com\/wp-content\/uploads\/2025\/01\/NordicAnimationPaperback-1024x322.png 1024w, http:\/\/www.artiverum.com\/wp-content\/uploads\/2025\/01\/NordicAnimationPaperback-300x94.png 300w, http:\/\/www.artiverum.com\/wp-content\/uploads\/2025\/01\/NordicAnimationPaperback-768x241.png 768w, http:\/\/www.artiverum.com\/wp-content\/uploads\/2025\/01\/NordicAnimationPaperback-1536x483.png 1536w, http:\/\/www.artiverum.com\/wp-content\/uploads\/2025\/01\/NordicAnimationPaperback.png 1604w\" sizes=\"(max-width: 1024px) 100vw, 1024px\" \/><\/figure>\n\n\n\n<p><\/p>\n","protected":false},"excerpt":{"rendered":"<p>Kirjat suomeksi Muumeista miljoonabisnes, Siltala, 2017 Katri Kovasiiven arvostelu Aamulehdess\u00e4 Books in English Nordic Animation &#8211; Balancing the East and the West, CRC press, 2023 Paperback version available since October 2024.<\/p>\n","protected":false},"author":1,"featured_media":0,"parent":0,"menu_order":0,"comment_status":"closed","ping_status":"closed","template":"","meta":{"footnotes":""},"class_list":["post-129","page","type-page","status-publish","hentry"],"_links":{"self":[{"href":"http:\/\/www.artiverum.com\/index.php\/wp-json\/wp\/v2\/pages\/129","targetHints":{"allow":["GET"]}}],"collection":[{"href":"http:\/\/www.artiverum.com\/index.php\/wp-json\/wp\/v2\/pages"}],"about":[{"href":"http:\/\/www.artiverum.com\/index.php\/wp-json\/wp\/v2\/types\/page"}],"author":[{"embeddable":true,"href":"http:\/\/www.artiverum.com\/index.php\/wp-json\/wp\/v2\/users\/1"}],"replies":[{"embeddable":true,"href":"http:\/\/www.artiverum.com\/index.php\/wp-json\/wp\/v2\/comments?post=129"}],"version-history":[{"count":6,"href":"http:\/\/www.artiverum.com\/index.php\/wp-json\/wp\/v2\/pages\/129\/revisions"}],"predecessor-version":[{"id":204,"href":"http:\/\/www.artiverum.com\/index.php\/wp-json\/wp\/v2\/pages\/129\/revisions\/204"}],"wp:attachment":[{"href":"http:\/\/www.artiverum.com\/index.php\/wp-json\/wp\/v2\/media?parent=129"}],"curies":[{"name":"wp","href":"https:\/\/api.w.org\/{rel}","templated":true}]}}